{"id":166,"date":"2023-08-10T10:37:09","date_gmt":"2023-08-10T08:37:09","guid":{"rendered":"https:\/\/kathrein-rechtsanwaelte.at\/?page_id=166"},"modified":"2025-08-13T08:04:22","modified_gmt":"2025-08-13T06:04:22","slug":"impressum","status":"publish","type":"page","link":"https:\/\/kathrein-rechtsanwaelte.at\/?page_id=166","title":{"rendered":"Impressum"},"content":{"rendered":"\t\t<div data-elementor-type=\"wp-page\" data-elementor-id=\"166\" class=\"elementor elementor-166\">\n\t\t\t\t\t\t<section class=\"elementor-section elementor-top-section elementor-element elementor-element-dfe0029 elementor-section-boxed elementor-section-height-default elementor-section-height-default\" data-id=\"dfe0029\" data-element_type=\"section\" data-e-type=\"section\">\n\t\t\t\t\t\t<div class=\"elementor-container elementor-column-gap-default\">\n\t\t\t\t\t<div class=\"elementor-column elementor-col-100 elementor-top-column elementor-element elementor-element-ce1172e\" data-id=\"ce1172e\" data-element_type=\"column\" data-e-type=\"column\">\n\t\t\t<div class=\"elementor-widget-wrap elementor-element-populated\">\n\t\t\t\t\t\t<div class=\"elementor-element elementor-element-26d4008 elementor-widget elementor-widget-heading\" data-id=\"26d4008\" data-element_type=\"widget\" data-e-type=\"widget\" data-widget_type=\"heading.default\">\n\t\t\t\t<div class=\"elementor-widget-container\">\n\t\t\t\t\t<h2 class=\"elementor-heading-title elementor-size-default\">Impressum<\/h2>\t\t\t\t<\/div>\n\t\t\t\t<\/div>\n\t\t\t\t\t<\/div>\n\t\t<\/div>\n\t\t\t\t\t<\/div>\n\t\t<\/section>\n\t\t\t\t<section class=\"elementor-section elementor-top-section elementor-element elementor-element-62f9a34b elementor-section-boxed elementor-section-height-default elementor-section-height-default\" data-id=\"62f9a34b\" data-element_type=\"section\" data-e-type=\"section\">\n\t\t\t\t\t\t<div class=\"elementor-container elementor-column-gap-default\">\n\t\t\t\t\t<div class=\"elementor-column elementor-col-100 elementor-top-column elementor-element elementor-element-9cd8fd3\" data-id=\"9cd8fd3\" data-element_type=\"column\" data-e-type=\"column\">\n\t\t\t<div class=\"elementor-widget-wrap elementor-element-populated\">\n\t\t\t\t\t\t<div class=\"elementor-element elementor-element-23b0608a elementor-widget elementor-widget-text-editor\" data-id=\"23b0608a\" data-element_type=\"widget\" data-e-type=\"widget\" data-widget_type=\"text-editor.default\">\n\t\t\t\t<div class=\"elementor-widget-container\">\n\t\t\t\t\t\t\t\t\t<p>\u00a0<\/p><p class=\"p1\"><strong>Rechtsanw\u00e4ltin MMag. Eva Kathrein,<\/strong> R-Code R808523, UID-Nr. ATU 66803355<\/p><p class=\"p1\"><strong>Rechtsanwalt Mag. Michael Kathrein<\/strong>, R-Code R808569, UID-Nr. ATU 66893613<\/p><p class=\"p1\">Andreas-Hofer-Stra\u00dfe 6 \/ 2. Stock<\/p><p class=\"p1\">6020 Innsbruck, Austria<\/p><p class=\"p1\">T +43 512 581708<\/p><p class=\"p3\"><span class=\"s1\">M <a href=\"mailto:office@rechtsanwaltinnsbruck.at\"><span class=\"s2\">office@rechtsanwaltinnsbruck.at<\/span><\/a><\/span><\/p><p class=\"p3\"><span class=\"s1\">H <a href=\"http:\/\/www.rechtsanwaltinnsbruck.at\"><span class=\"s2\">www.rechtsanwaltinnsbruck.at<\/span><\/a><\/span><\/p><p class=\"p1\"><strong>Mitgliedschaft:<\/strong> Rechtsanwaltskammer f\u00fcr Tirol \/ \u00d6sterreich <strong>Fachgruppe und Berufsgruppe:<\/strong> Tiroler Rechtsanwaltskammer; Rechtsanwaltsordnung, Rechtsanwaltstarifgesetz, Allgemeine Honorarkriterien, Rechtsanwalt <strong>Beh\u00f6rde gem. ECG:<\/strong> Bezirkshauptmannschaft Innsbruck Rechtsanwaltspr\u00fcfung abgelegt in \u00d6sterreich, s\u00e4mtliche Normen abrufbar auf\u00a0<a href=\"http:\/\/www.tirolerrak.at\/\"><span class=\"s2\">www.tirolerrak.at<\/span><\/a><\/p><p>Sie k\u00f6nnen allf\u00e4llige Beschwerden an die oben angegebene E-Mail-Adresse richten (<a href=\"mailto:office@rechtsanwaltinnsbruck.at\"><span class=\"s2\">office@rechtsanwaltinnsbruck.at<\/span><\/a>).<\/p><p>\u00a0<\/p><h5><b> <\/b>Konzept, Grafik, Website<\/h5><p><a href=\"https:\/\/www.maweo.at\/\" target=\"_blank\" rel=\"noopener\">MAWEO<\/a><\/p><p>\u00a0<\/p><h5><b> <\/b>Datenschutz<b> <\/b><\/h5><p>Die Datenschutzerkl\u00e4rung finden Sie <a href=\"https:\/\/kathrein-rechtsanwaelte.at\/?page_id=3\"><span class=\"s3\">hier<\/span><\/a>.<\/p>\t\t\t\t\t\t\t\t<\/div>\n\t\t\t\t<\/div>\n\t\t\t\t\t<\/div>\n\t\t<\/div>\n\t\t\t\t\t<\/div>\n\t\t<\/section>\n\t\t\t\t<\/div>\n\t\t","protected":false},"excerpt":{"rendered":"<p>Impressum \u00a0 Rechtsanw\u00e4ltin MMag. Eva Kathrein, R-Code R808523, UID-Nr. ATU 66803355 Rechtsanwalt Mag. Michael Kathrein, R-Code R808569, UID-Nr. ATU 66893613 Andreas-Hofer-Stra\u00dfe 6 \/ 2. Stock 6020 Innsbruck, Austria T +43 512 581708 M office@rechtsanwaltinnsbruck.at H www.rechtsanwaltinnsbruck.at Mitgliedschaft: Rechtsanwaltskammer f\u00fcr Tirol \/ \u00d6sterreich Fachgruppe und Berufsgruppe: Tiroler Rechtsanwaltskammer; Rechtsanwaltsordnung, Rechtsanwaltstarifgesetz, Allgemeine Honorarkriterien, Rechtsanwalt Beh\u00f6rde gem. ECG: [&hellip;]<\/p>\n","protected":false},"author":1,"featured_media":0,"parent":0,"menu_order":0,"comment_status":"closed","ping_status":"closed","template":"","meta":{"footnotes":""},"class_list":["post-166","page","type-page","status-publish","hentry"],"_links":{"self":[{"href":"https:\/\/kathrein-rechtsanwaelte.at\/index.php?rest_route=\/wp\/v2\/pages\/166","targetHints":{"allow":["GET"]}}],"collection":[{"href":"https:\/\/kathrein-rechtsanwaelte.at\/index.php?rest_route=\/wp\/v2\/pages"}],"about":[{"href":"https:\/\/kathrein-rechtsanwaelte.at\/index.php?rest_route=\/wp\/v2\/types\/page"}],"author":[{"embeddable":true,"href":"https:\/\/kathrein-rechtsanwaelte.at\/index.php?rest_route=\/wp\/v2\/users\/1"}],"replies":[{"embeddable":true,"href":"https:\/\/kathrein-rechtsanwaelte.at\/index.php?rest_route=%2Fwp%2Fv2%2Fcomments&post=166"}],"version-history":[{"count":18,"href":"https:\/\/kathrein-rechtsanwaelte.at\/index.php?rest_route=\/wp\/v2\/pages\/166\/revisions"}],"predecessor-version":[{"id":465,"href":"https:\/\/kathrein-rechtsanwaelte.at\/index.php?rest_route=\/wp\/v2\/pages\/166\/revisions\/465"}],"wp:attachment":[{"href":"https:\/\/kathrein-rechtsanwaelte.at\/index.php?rest_route=%2Fwp%2Fv2%2Fmedia&parent=166"}],"curies":[{"name":"wp","href":"https:\/\/api.w.org\/{rel}","templated":true}]}}